{"id":17,"date":"2019-10-06T16:20:04","date_gmt":"2019-10-06T20:20:04","guid":{"rendered":"http:\/\/soccernoticias.com\/blog\/?page_id=17"},"modified":"2026-04-02T18:26:06","modified_gmt":"2026-04-02T22:26:06","slug":"selecao","status":"publish","type":"page","link":"https:\/\/www.soccernoticias.com\/blog\/selecao\/","title":{"rendered":"Sele\u00e7\u00e3o"},"content":{"rendered":"<p><code class=\"EmbedCode-code\"><\/code><\/p>\n<blockquote class=\"twitter-tweet\">\n<p dir=\"ltr\" lang=\"en\">&#x1f6a8; Latest FIFA rankings<br \/>\n1&#xfe0f;&#x20e3; France &#x1f1eb;&#x1f1f7; (+2)<br \/>\n2&#xfe0f;&#x20e3; Spain &#x1f1ea;&#x1f1f8; (-1)<br \/>\n3&#xfe0f;&#x20e3; Argentina &#x1f1e6;&#x1f1f7; (-1)<br \/>\n4&#xfe0f;&#x20e3; England &#x1f3f4;&#xe0067;&#xe0062;&#xe0065;&#xe006e;&#xe0067;&#xe007f;<br \/>\n5&#xfe0f;&#x20e3; Portugal &#x1f1f5;&#x1f1f9; (+1)<br \/>\n6&#xfe0f;&#x20e3; Brazil &#x1f1e7;&#x1f1f7; (-1)<br \/>\n7&#xfe0f;&#x20e3; Netherlands &#x1f1f3;&#x1f1f1;<br \/>\n8&#xfe0f;&#x20e3; Morocco &#x1f1f2;&#x1f1e6;<br \/>\n9&#xfe0f;&#x20e3; Belgium &#x1f1e7;&#x1f1ea;<br \/>\n&#x1f51f; Germany &#x1f1e9;&#x1f1ea;<\/p>\n<p>\u2014 PortugueseSoccer.com &#x26bd;&#xfe0f; (@PsoccerCOM) <a href=\"https:\/\/twitter.com\/PsoccerCOM\/status\/2039488639806185871?ref_src=twsrc%5Etfw\">April 1, 2026<\/a><\/p><\/blockquote>\n<p><script async src=\"https:\/\/platform.twitter.com\/widgets.js\" charset=\"utf-8\"><\/script><\/p>\n<p>**************************<\/p>\n<p>UPDATED SQUAD USA\/MEXICO FRIENDLIES<\/p>\n<p>GK: Jos\u00e9 S\u00e1, Rui Silva, Ricardo Velho<\/p>\n<p>D: Matheus Nunes, Diogo Dalot, Jo\u00e3o Cancelo, Nuno Mendes, Gon\u00e7alo In\u00e1cio, Renato Veiga, Ant\u00f3nio Silva, Tom\u00e1s Ara\u00fajo<\/p>\n<p>M: Ruben Neves, Samu Costa, Mateus Fernandes, Jo\u00e3o Neves, Vitinha, Bruno Fernandes<\/p>\n<p>S: Ricardo Horta, Pedro Gon\u00e7alves, Jo\u00e3o F\u00e9lix, Trinc\u00e3o, Concei\u00e7\u00e3o, Pedro Neto, Gon\u00e7alo Guedes, Gon\u00e7alo Ramos, Paulinho<\/p>\n<p>&nbsp;<\/p>\n<p>************************<\/p>\n<p>&nbsp;<\/p>\n<blockquote class=\"twitter-tweet\">\n<p dir=\"ltr\" lang=\"en\">Portugal is the top seed in Group A4 of the next Nations League Tournament that starts in September.<\/p>\n<p>Portugal<br \/>\nDenmark<br \/>\nNorway<br \/>\nWales<\/p>\n<p>The Selecao have won this competition twice, including this past summer beating Spain in the Final in Germany. &#x26bd;&#x1f1f5;&#x1f1f9; <a href=\"https:\/\/t.co\/xBGjF20bG3\">pic.twitter.com\/xBGjF20bG3<\/a><\/p>\n<p>\u2014 PortugueseSoccer.com &#x26bd;&#xfe0f; (@PsoccerCOM) <a href=\"https:\/\/twitter.com\/PsoccerCOM\/status\/2022009684786655407?ref_src=twsrc%5Etfw\">February 12, 2026<\/a><\/p><\/blockquote>\n<p><script async src=\"https:\/\/platform.twitter.com\/widgets.js\" charset=\"utf-8\"><\/script><\/p>\n<blockquote class=\"twitter-tweet\">\n<p dir=\"ltr\" lang=\"en\">&#x1f4cc;Portugal<br \/>\nWorld Cup, Group Cities<br \/>\nJune 17: Playoff Winner &#8211; Houston<br \/>\nJune 23: Uzbekistan &#8211; Houston<br \/>\nJune 27: Colombia &#8211; Miami<\/p>\n<p>Thoughts? No big trips in this stage. <a href=\"https:\/\/t.co\/FuFsoECelI\">pic.twitter.com\/FuFsoECelI<\/a><\/p>\n<p>\u2014 PortugueseSoccer.com &#x26bd;&#xfe0f; (@PsoccerCOM) <a href=\"https:\/\/twitter.com\/PsoccerCOM\/status\/1997373733632188668?ref_src=twsrc%5Etfw\">December 6, 2025<\/a><\/p><\/blockquote>\n<p><script async src=\"https:\/\/platform.twitter.com\/widgets.js\" charset=\"utf-8\"><\/script><\/p>\n<blockquote class=\"twitter-tweet\">\n<p dir=\"ltr\" lang=\"en\">If Portugal and Argentina top their groups and win both their Round of 32 and 16 games, Messi and Cristiano Ronaldo will play each other in the quarter-finals.<\/p>\n<p>A dream may come true for many fans as both players enter the final stages of their career. <a href=\"https:\/\/t.co\/ZzQwQcw0hj\">https:\/\/t.co\/ZzQwQcw0hj<\/a><\/p>\n<p>\u2014 PortugueseSoccer.com &#x26bd;&#xfe0f; (@PsoccerCOM) <a href=\"https:\/\/twitter.com\/PsoccerCOM\/status\/1997439670309802125?ref_src=twsrc%5Etfw\">December 6, 2025<\/a><\/p><\/blockquote>\n<p>&nbsp;<\/p>\n<p>**************************************<\/p>\n<div class=\"ArticleParagraph_articleParagraph__MrxYL\">\n<h3><u>World Cup Qualifying<\/u><\/h3>\n<h3>Group F Schedule<\/h3>\n<\/div>\n<div class=\"ArticleParagraph_articleParagraph__MrxYL\">\n<p>Armenia 0-5 Portugal (6 September 2025, Yerevan)<\/p>\n<\/div>\n<div class=\"ArticleParagraph_articleParagraph__MrxYL\">\n<p>Hungary 2-3 Portugal (9 September 2025, Budapest)<\/p>\n<\/div>\n<div class=\"ArticleParagraph_articleParagraph__MrxYL\">\n<p>Portugal 1-0 Ireland (11 October 2025, Alvalade)<\/p>\n<\/div>\n<div class=\"ArticleParagraph_articleParagraph__MrxYL\">\n<p>Portugal 2-2 Hungary (14 October 2025, Alvalade)<\/p>\n<p>Ireland 2-0 Portugal (13 November 2025, Dublin)<\/p>\n<\/div>\n<div class=\"ArticleParagraph_articleParagraph__MrxYL\">\n<p>Portugal 9-1 Armenia (16 November 2025, Drag\u00e3o)<\/p>\n<p><strong>FINAL TABLE<\/strong><br \/>\nPORTUGAL 13 (qualified)<\/p>\n<p>IRELAND 10 (playoff)<\/p>\n<p>HUNGARY 8<\/p>\n<p>ARMENIA 3<\/p>\n<p>&nbsp;<\/p>\n<\/div>\n<p>&nbsp;<\/p>\n<div class=\"ArticleParagraph_articleParagraph__MrxYL\">\n<blockquote class=\"twitter-tweet\">\n<p dir=\"ltr\" lang=\"en\">The Sele\u00e7\u00e3o start their World Cup qualifying campaign with a win.<\/p>\n<p>Next stop away to Hungary on Tuesday.<\/p>\n<p>Your Man of the Match?<\/p>\n<p>&#x26bd; <a href=\"https:\/\/t.co\/UlxoD739sh\">pic.twitter.com\/UlxoD739sh<\/a><\/p>\n<p>\u2014 PortugueseSoccer.com &#x26bd;&#xfe0f; (@PsoccerCOM) <a href=\"https:\/\/twitter.com\/PsoccerCOM\/status\/1964387134040879447?ref_src=twsrc%5Etfw\">September 6, 2025<\/a><\/p><\/blockquote>\n<p><script async src=\"https:\/\/platform.twitter.com\/widgets.js\" charset=\"utf-8\"><\/script><\/p>\n<\/div>\n<blockquote class=\"twitter-tweet\">\n<p dir=\"ltr\" lang=\"en\">Jo\u00e3o Cancelo saves the Sele\u00e7\u00e3o with a big goal near the end.<\/p>\n<p>Portugal stay undefeated and top of Group F after their first two WCQ matches.<\/p>\n<p>Thoughts? <a href=\"https:\/\/t.co\/vciG2GFqqW\">pic.twitter.com\/vciG2GFqqW<\/a><\/p>\n<p>\u2014 PortugueseSoccer.com &#x26bd;&#xfe0f; (@PsoccerCOM) <a href=\"https:\/\/twitter.com\/PsoccerCOM\/status\/1965516535298228304?ref_src=twsrc%5Etfw\">September 9, 2025<\/a><\/p><\/blockquote>\n<p><script async src=\"https:\/\/platform.twitter.com\/widgets.js\" charset=\"utf-8\"><\/script><\/p>\n<p>&nbsp;<\/p>\n<blockquote class=\"twitter-tweet\">\n<p dir=\"ltr\" lang=\"en\">Portugal out-shot Ireland 29-2 and broke through late thanks Ruben Neves&#8217; first Selecao goal at 90+1 to stay on track to qualify for the WC. <a href=\"https:\/\/t.co\/wcNrY8FqXm\">pic.twitter.com\/wcNrY8FqXm<\/a><\/p>\n<p>\u2014 PortugueseSoccer.com &#x26bd;&#xfe0f; (@PsoccerCOM) <a href=\"https:\/\/twitter.com\/PsoccerCOM\/status\/1977113286287163463?ref_src=twsrc%5Etfw\">October 11, 2025<\/a><\/p><\/blockquote>\n<p><script async src=\"https:\/\/platform.twitter.com\/widgets.js\" charset=\"utf-8\"><\/script><\/p>\n<p>&nbsp;<\/p>\n<blockquote class=\"twitter-tweet\">\n<p dir=\"ltr\" lang=\"en\">A draw in Lisbon.<\/p>\n<p>Thoughts? What happened at the end? <a href=\"https:\/\/t.co\/AC4BfVHu3x\">pic.twitter.com\/AC4BfVHu3x<\/a><\/p>\n<p>\u2014 PortugueseSoccer.com &#x26bd;&#xfe0f; (@PsoccerCOM) <a href=\"https:\/\/twitter.com\/PsoccerCOM\/status\/1978200714867360217?ref_src=twsrc%5Etfw\">October 14, 2025<\/a><\/p><\/blockquote>\n<p><script async src=\"https:\/\/platform.twitter.com\/widgets.js\" charset=\"utf-8\"><\/script><\/p>\n<p>&nbsp;<\/p>\n<blockquote class=\"twitter-tweet\">\n<p dir=\"ltr\" lang=\"en\">A night to forget in Dublin. They next play Sunday at home against Armenia and can still qualify for the World Cup with a win.<\/p>\n<p>We had two chances to qualify and failed both times against Hungary and Ireland tonight.<\/p>\n<p>What went wrong? <a href=\"https:\/\/t.co\/EpMq1MulTr\">pic.twitter.com\/EpMq1MulTr<\/a><\/p>\n<p>\u2014 PortugueseSoccer.com &#x26bd;&#xfe0f; (@PsoccerCOM) <a href=\"https:\/\/twitter.com\/PsoccerCOM\/status\/1989086865128059286?ref_src=twsrc%5Etfw\">November 13, 2025<\/a><\/p><\/blockquote>\n<p><script async src=\"https:\/\/platform.twitter.com\/widgets.js\" charset=\"utf-8\"><\/script><\/p>\n<p>&nbsp;<\/p>\n<div class=\"ArticleParagraph_articleParagraph__MrxYL\">\n<div class=\"ArticleParagraph_articleParagraph__MrxYL\">\n<p>&nbsp;<\/p>\n<blockquote class=\"twitter-tweet\">\n<p dir=\"ltr\" lang=\"en\">Portugal on the third try qualify for the World Cup.<\/p>\n<p>Jo\u00e3o Neves and Bruno Fernandes should share MOTM.<\/p>\n<p>Portugal score 9 goals without Cristiano.<\/p>\n<p>Shouldn&#8217;t have been this difficult but was. Queue the Fado music.<\/p>\n<p>What needs to change? Thoughts? <a href=\"https:\/\/t.co\/1bVQbTcxOQ\">pic.twitter.com\/1bVQbTcxOQ<\/a><\/p>\n<p>\u2014 PortugueseSoccer.com &#x26bd;&#xfe0f; (@PsoccerCOM) <a href=\"https:\/\/twitter.com\/PsoccerCOM\/status\/1990086983041929226?ref_src=twsrc%5Etfw\">November 16, 2025<\/a><\/p><\/blockquote>\n<p><script async src=\"https:\/\/platform.twitter.com\/widgets.js\" charset=\"utf-8\"><\/script><\/p>\n<p>***************************************<\/p>\n<\/div>\n<p><strong><u>LAST NATIONS LEAGUE RESULTS<\/u><\/strong><\/p>\n<p><strong>QF Playoff Result, 1st Leg, March 20, Denmark 1-0 Portugal<\/strong><\/p>\n<p><strong>QF Playoff Result, 2nd Leg, March 23, Portugal 5-2 Denmark <\/strong><\/p>\n<p><strong>(Portugal advanced 5-3 aggregate)<\/strong><\/p>\n<p><strong>Final Four<\/strong><\/p>\n<p><strong>Semifinals, <\/strong><strong>June 4, Germany 1-2 Portugal<\/strong><\/p>\n<p><strong>Final, June 8, *Portugal 2-2 Spain (*won on PKs 5-3)\u00a0<\/strong><\/p>\n<\/div>\n<div class=\"ArticleParagraph_articleParagraph__MrxYL\"><\/div>\n<div class=\"ArticleParagraph_articleParagraph__MrxYL\">\n<p>&nbsp;<\/p>\n<p>******************************<\/p>\n<\/div>\n<p>&nbsp;<\/p>\n","protected":false},"excerpt":{"rendered":"<p>&#x1f6a8; Latest FIFA rankings 1&#xfe0f;&#x20e3; France &#x1f1eb;&#x1f1f7; (+2) 2&#xfe0f;&#x20e3; Spain &#x1f1ea;&#x1f1f8; (-1) 3&#xfe0f;&#x20e3; Argentina &#x1f1e6;&#x1f1f7; (-1) 4&#xfe0f;&#x20e3; England &#x1f3f4;&#xe0067;&#xe0062;&#xe0065;&#xe006e;&#xe0067;&#xe007f; 5&#xfe0f;&#x20e3; Portugal &#x1f1f5;&#x1f1f9; (+1) 6&#xfe0f;&#x20e3; Brazil&#8230;<\/p>\n","protected":false},"author":1,"featured_media":0,"parent":0,"menu_order":0,"comment_status":"closed","ping_status":"closed","template":"template-s1-c-s2-page.php","meta":{"footnotes":""},"class_list":["post-17","page","type-page","status-publish","hentry"],"jetpack_sharing_enabled":true,"jetpack_shortlink":"https:\/\/wp.me\/Pdnh7s-h","jetpack-related-posts":[],"_links":{"self":[{"href":"https:\/\/www.soccernoticias.com\/blog\/wp-json\/wp\/v2\/pages\/17","targetHints":{"allow":["GET"]}}],"collection":[{"href":"https:\/\/www.soccernoticias.com\/blog\/wp-json\/wp\/v2\/pages"}],"about":[{"href":"https:\/\/www.soccernoticias.com\/blog\/wp-json\/wp\/v2\/types\/page"}],"author":[{"embeddable":true,"href":"https:\/\/www.soccernoticias.com\/blog\/wp-json\/wp\/v2\/users\/1"}],"replies":[{"embeddable":true,"href":"https:\/\/www.soccernoticias.com\/blog\/wp-json\/wp\/v2\/comments?post=17"}],"version-history":[{"count":368,"href":"https:\/\/www.soccernoticias.com\/blog\/wp-json\/wp\/v2\/pages\/17\/revisions"}],"predecessor-version":[{"id":6095,"href":"https:\/\/www.soccernoticias.com\/blog\/wp-json\/wp\/v2\/pages\/17\/revisions\/6095"}],"wp:attachment":[{"href":"https:\/\/www.soccernoticias.com\/blog\/wp-json\/wp\/v2\/media?parent=17"}],"curies":[{"name":"wp","href":"https:\/\/api.w.org\/{rel}","templated":true}]}}