{"id":19,"date":"2019-02-27T16:20:20","date_gmt":"2019-02-27T16:20:20","guid":{"rendered":"http:\/\/soccernoticias.com\/blog\/?page_id=19"},"modified":"2025-05-26T00:35:07","modified_gmt":"2025-05-26T04:35:07","slug":"contact","status":"publish","type":"page","link":"https:\/\/www.soccernoticias.com\/blog\/contact\/","title":{"rendered":"Contact"},"content":{"rendered":"<h3><strong>E-Mail:<\/strong> PSoccercom@gmail.com<\/h3>\n<h3><strong>Twitter\/X:<\/strong> @PSoccerCom<\/h3>\n<h3><strong>FaceBook: <\/strong>www.Facebook.com\/PsoccerCom<\/h3>\n<h3>Instagram and Threads: Portuguese_Soccer_Noticias<\/h3>\n<h3><strong>YouTube Channel:<\/strong> <a href=\"https:\/\/www.youtube.com\/@portuguesesoccercom\">https:\/\/www.youtube.com\/@portuguesesoccercom<\/a><\/h3>\n<h3><strong>Website: PortugueseSoccer.com or Psoccer.com<\/strong><\/h3>\n<p>&nbsp;<\/p>\n<h2><\/h2>\n<p>&nbsp;<\/p>\n<p>&nbsp;<\/p>\n","protected":false},"excerpt":{"rendered":"<p>E-Mail: PSoccercom@gmail.com Twitter\/X: @PSoccerCom FaceBook: www.Facebook.com\/PsoccerCom Instagram and Threads: Portuguese_Soccer_Noticias YouTube Channel: https:\/\/www.youtube.com\/@portuguesesoccercom Website: PortugueseSoccer.com or Psoccer.com &nbsp; &nbsp; &nbsp;<\/p>\n","protected":false},"author":1,"featured_media":0,"parent":0,"menu_order":0,"comment_status":"closed","ping_status":"closed","template":"template-s1-c-s2-page.php","meta":{"footnotes":""},"class_list":["post-19","page","type-page","status-publish","hentry"],"jetpack_sharing_enabled":true,"jetpack_shortlink":"https:\/\/wp.me\/Pdnh7s-j","jetpack-related-posts":[{"id":17,"url":"https:\/\/www.soccernoticias.com\/blog\/selecao\/","url_meta":{"origin":19,"position":0},"title":"Sele\u00e7\u00e3o","author":"Administrator","date":"October 6, 2019","format":false,"excerpt":"\ud83d\udea8 Latest FIFA rankings 1\ufe0f\u20e3 France \ud83c\uddeb\ud83c\uddf7 (+2) 2\ufe0f\u20e3 Spain \ud83c\uddea\ud83c\uddf8 (-1) 3\ufe0f\u20e3 Argentina \ud83c\udde6\ud83c\uddf7 (-1) 4\ufe0f\u20e3 England \ud83c\udff4\udb40\udc67\udb40\udc62\udb40\udc65\udb40\udc6e\udb40\udc67\udb40\udc7f 5\ufe0f\u20e3 Portugal \ud83c\uddf5\ud83c\uddf9 (+1) 6\ufe0f\u20e3 Brazil \ud83c\udde7\ud83c\uddf7 (-1) 7\ufe0f\u20e3 Netherlands \ud83c\uddf3\ud83c\uddf1 8\ufe0f\u20e3 Morocco \ud83c\uddf2\ud83c\udde6 9\ufe0f\u20e3 Belgium \ud83c\udde7\ud83c\uddea \ud83d\udd1f Germany \ud83c\udde9\ud83c\uddea \u2014 PortugueseSoccer.com \u26bd\ufe0f (@PsoccerCOM) April 1, 2026 ************************** UPDATED SQUAD USA\/MEXICO\u2026","rel":"","context":"Similar post","block_context":{"text":"Similar post","link":""},"img":{"alt_text":"","src":"","width":0,"height":0},"classes":[]},{"id":28,"url":"https:\/\/www.soccernoticias.com\/blog\/taca-de-portugal\/","url_meta":{"origin":19,"position":1},"title":"Ta\u00e7a de Portugal","author":"Administrator","date":"March 2, 2019","format":false,"excerpt":"\ud83c\uddf5\ud83c\uddf9\ud83c\udfc6Ta\u00e7a de Portugal Semifinals (2 legs) 2nd leg, April 22 Fafe (III) 1-1 Torreense (II) 1st Leg, March 3 Sporting CP x FC Porto \u2014 PortugueseSoccer.com \u26bd\ufe0f (@PsoccerCOM) February 7, 2026 \ud83c\udfc6\ud83c\uddf5\ud83c\uddf9 Quarterfinals \ud83d\udcccSunday Torreense (II) 3-1 UD Leiria (II) \ud83d\udcccTonight Fafe (III) 2-1 SC Braga FC Porto 1-0 Benfica\u2026","rel":"","context":"Similar post","block_context":{"text":"Similar post","link":""},"img":{"alt_text":"","src":"https:\/\/i0.wp.com\/www.soccernoticias.com\/blog\/wp-content\/uploads\/2019\/03\/Logo-Taca-Portugal-PLACARD-e1553361201779.jpg?fit=700%2C434&ssl=1&resize=350%2C200","width":350,"height":200,"srcset":"https:\/\/i0.wp.com\/www.soccernoticias.com\/blog\/wp-content\/uploads\/2019\/03\/Logo-Taca-Portugal-PLACARD-e1553361201779.jpg?fit=700%2C434&ssl=1&resize=350%2C200 1x, https:\/\/i0.wp.com\/www.soccernoticias.com\/blog\/wp-content\/uploads\/2019\/03\/Logo-Taca-Portugal-PLACARD-e1553361201779.jpg?fit=700%2C434&ssl=1&resize=525%2C300 1.5x, https:\/\/i0.wp.com\/www.soccernoticias.com\/blog\/wp-content\/uploads\/2019\/03\/Logo-Taca-Portugal-PLACARD-e1553361201779.jpg?fit=700%2C434&ssl=1&resize=700%2C400 2x"},"classes":[]},{"id":11,"url":"https:\/\/www.soccernoticias.com\/blog\/2liga\/","url_meta":{"origin":19,"position":2},"title":"2Liga","author":"Administrator","date":"February 27, 2019","format":false,"excerpt":"XXXXX FULL SCHEDULE FIRST DIVISION FULL SCHEDULE SECOND DIVISION PRELIMINARY ROUND SCHEDULE - LEAGUE CUP First and Second Rounds \u00a0 \u00a0 \u26bd 33 \ud83d\udcccFriday Mar\u00edtimo 1-0 Vizela \ud83d\udcccSaturday Arouca 1-0 Chaves Santa Clara 1-0 Portimonense Boavista 1-1 SC Braga Famalic\u00e3o 2-4 FC Porto \ud83d\udcccSunday Vit\u00f3ria SC 1-0 Gil Vicente Casa\u2026","rel":"","context":"Similar post","block_context":{"text":"Similar post","link":""},"img":{"alt_text":"","src":"","width":0,"height":0},"classes":[]},{"id":39,"url":"https:\/\/www.soccernoticias.com\/blog\/links\/","url_meta":{"origin":19,"position":3},"title":"Links","author":"Administrator","date":"March 2, 2019","format":false,"excerpt":"Is your favorite link missing? Let us know. Psoccercom@gmail.com. A Bola Maisfutebol O Jogo Record ZeroZero Radio Renascenca - Bola Branca RTP - Desporto SAPO News RTP CNN Portugal **** FPF - Selecao LIGA FIFA UEFA UEFA Coefficients\u00a0 PORTUGAL TIME \u00a0 \u00a0 \u00a0","rel":"","context":"Similar post","block_context":{"text":"Similar post","link":""},"img":{"alt_text":"","src":"","width":0,"height":0},"classes":[]},{"id":30,"url":"https:\/\/www.soccernoticias.com\/blog\/taca-da-liga\/","url_meta":{"origin":19,"position":4},"title":"League Cup","author":"Administrator","date":"March 2, 2019","format":false,"excerpt":"\ud83c\udfc6Ta\u00e7a da Liga \u26bd Final 4 (Leiria) \ud83d\udccc Tuesday Sporting CP 1-2 Vit\u00f3ria SC \ud83d\udccc Wednesday Benfica 1-3 SC Braga \ud83d\udccc Saturday\ud83c\udfc6 Vitoria SC 2-1 SC Braga All-Time \ud83c\udfc6 Benfica 8 Sporting CP 4 SC Braga 3 FC Porto 1 Moreirense 1 Vit\u00f3ria SC 1 Vit\u00f3ria de Set\u00fabal 1 \u2014\u2026","rel":"","context":"Similar post","block_context":{"text":"Similar post","link":""},"img":{"alt_text":"","src":"","width":0,"height":0},"classes":[]},{"id":15,"url":"https:\/\/www.soccernoticias.com\/blog\/podcast\/","url_meta":{"origin":19,"position":5},"title":"Podcast","author":"Administrator","date":"February 27, 2019","format":false,"excerpt":"For a better listening experience, please subscribe to one of the free podcast platforms below. E-mail issues to Psoccercom@gmail.com. A Podcast talking about the latest news and happenings in the Liga BWIN, 2Liga, Sele\u00e7\u00e3o and Portuguese Abroad Available at.... iTunes SPOTIFY AMAZON MUSIC & AUDIBLE iHEART RADIO TUNEIN PODCAST ADDICT\u2026","rel":"","context":"Similar post","block_context":{"text":"Similar post","link":""},"img":{"alt_text":"","src":"","width":0,"height":0},"classes":[]}],"_links":{"self":[{"href":"https:\/\/www.soccernoticias.com\/blog\/wp-json\/wp\/v2\/pages\/19","targetHints":{"allow":["GET"]}}],"collection":[{"href":"https:\/\/www.soccernoticias.com\/blog\/wp-json\/wp\/v2\/pages"}],"about":[{"href":"https:\/\/www.soccernoticias.com\/blog\/wp-json\/wp\/v2\/types\/page"}],"author":[{"embeddable":true,"href":"https:\/\/www.soccernoticias.com\/blog\/wp-json\/wp\/v2\/users\/1"}],"replies":[{"embeddable":true,"href":"https:\/\/www.soccernoticias.com\/blog\/wp-json\/wp\/v2\/comments?post=19"}],"version-history":[{"count":15,"href":"https:\/\/www.soccernoticias.com\/blog\/wp-json\/wp\/v2\/pages\/19\/revisions"}],"predecessor-version":[{"id":10960,"href":"https:\/\/www.soccernoticias.com\/blog\/wp-json\/wp\/v2\/pages\/19\/revisions\/10960"}],"wp:attachment":[{"href":"https:\/\/www.soccernoticias.com\/blog\/wp-json\/wp\/v2\/media?parent=19"}],"curies":[{"name":"wp","href":"https:\/\/api.w.org\/{rel}","templated":true}]}}