{"id":28,"date":"2019-03-02T17:56:36","date_gmt":"2019-03-02T17:56:36","guid":{"rendered":"http:\/\/soccernoticias.com\/blog\/?page_id=28"},"modified":"2026-02-07T23:55:26","modified_gmt":"2026-02-08T04:55:26","slug":"taca-de-portugal","status":"publish","type":"page","link":"https:\/\/www.soccernoticias.com\/blog\/taca-de-portugal\/","title":{"rendered":"Ta\u00e7a de Portugal"},"content":{"rendered":"<blockquote class=\"twitter-tweet\">\r\n<p dir=\"ltr\" lang=\"ca\">&#x1f1f5;&#x1f1f9;&#x1f3c6;Ta\u00e7a de Portugal\r\nSemifinals (2 legs)<\/p>\r\n2nd leg, April 22\r\nFafe (III) 1-1 Torreense (II)\r\n\r\n1st Leg, March 3\r\nSporting CP x FC Porto\r\n\r\n\u2014 PortugueseSoccer.com &#x26bd;&#xfe0f; (@PsoccerCOM) <a href=\"https:\/\/twitter.com\/PsoccerCOM\/status\/2020196252496064650?ref_src=twsrc%5Etfw\">February 7, 2026<\/a><\/blockquote>\r\n<script async src=\"https:\/\/platform.twitter.com\/widgets.js\" charset=\"utf-8\"><\/script>\r\n<h2><\/h2>\r\n<blockquote class=\"twitter-tweet\">\r\n<p dir=\"ltr\" lang=\"en\">&#x1f3c6;&#x1f1f5;&#x1f1f9; Quarterfinals\r\n&#x1f4cc;Sunday\r\nTorreense (II) 3-1 UD Leiria (II)\r\n&#x1f4cc;Tonight\r\nFafe (III) 2-1 SC Braga\r\nFC Porto 1-0 Benfica\r\n&#x1f4cc;TBA\r\nSporting CP x AVS 20:45<\/p>\r\nSemifinal &#x2705;\r\nTorreense (II)\r\nFafe (III)\r\nFC Porto\r\n\r\n\u2014 PortugueseSoccer.com &#x26bd;&#xfe0f; (@PsoccerCOM) <a href=\"https:\/\/twitter.com\/PsoccerCOM\/status\/2011572226349318428?ref_src=twsrc%5Etfw\">January 14, 2026<\/a><\/blockquote>\r\n<script async src=\"https:\/\/platform.twitter.com\/widgets.js\" charset=\"utf-8\"><\/script>\r\n<h2><strong>2025-26<\/strong><\/h2>\r\n<blockquote class=\"twitter-tweet\">\r\n<p dir=\"ltr\" lang=\"pt\">&#x1f3c6;&#x1f1f5;&#x1f1f9; R16\r\n&#x1f4cc;December 18\r\nVila Me\u00e3 0-1 UD Leiria\r\nCasa Pia 1-2 Torreense\r\nVit\u00f3ria SC 0-1 AVS\r\nFarense 0-2 Benfica\r\n&#x1f4cc;December 19\r\nSanta Clara 2-3 Sporting (extra)\r\nFC Porto 4-1 Famalic\u00e3o\r\n&#x1f4cc;December 23\r\nCaldas 0-3 SC Braga\r\n&#x1f4cc;Saturday\r\nLus. de \u00c9vora 0-1 Fafe<\/p>\r\n&#x1f3c6;&#x1f1f5;&#x1f1f9; Quarterfinals\r\nFC Porto\u2026\r\n\r\n\u2014 PortugueseSoccer.com &#x26bd;&#xfe0f; (@PsoccerCOM) <a href=\"https:\/\/twitter.com\/PsoccerCOM\/status\/2004946473423638710?ref_src=twsrc%5Etfw\">December 27, 2025<\/a><\/blockquote>\r\n<script async src=\"https:\/\/platform.twitter.com\/widgets.js\" charset=\"utf-8\"><\/script>\r\n\r\n&nbsp;\r\n\r\n************************************\r\n\r\n2025 FINAL HIGHLIGHTS\r\n<blockquote class=\"twitter-tweet\">\r\n<p dir=\"ltr\" lang=\"pt\">&#x2611; RESUMO\r\nTa\u00e7a de Portugal (Final) | Benfica 1-3 Sporting<a href=\"https:\/\/twitter.com\/hashtag\/TacadePortugal?src=hash&amp;ref_src=twsrc%5Etfw\">#TacadePortugal<\/a> <a href=\"https:\/\/twitter.com\/hashtag\/EPOCA2425?src=hash&amp;ref_src=twsrc%5Etfw\">#EPOCA2425<\/a> <a href=\"https:\/\/twitter.com\/hashtag\/Final?src=hash&amp;ref_src=twsrc%5Etfw\">#Final<\/a><a href=\"https:\/\/twitter.com\/hashtag\/SLBSCP?src=hash&amp;ref_src=twsrc%5Etfw\">#SLBSCP<\/a> <a href=\"https:\/\/twitter.com\/hashtag\/SLB?src=hash&amp;ref_src=twsrc%5Etfw\">#SLB<\/a> <a href=\"https:\/\/twitter.com\/hashtag\/SCP?src=hash&amp;ref_src=twsrc%5Etfw\">#SCP<\/a>\r\nTodos os v\u00eddeos <a href=\"https:\/\/t.co\/Jy0QtlDn26\">https:\/\/t.co\/Jy0QtlDn26<\/a> <a href=\"https:\/\/t.co\/lPtyybk85X\">pic.twitter.com\/lPtyybk85X<\/a><\/p>\r\n\u2014 VSPORTS (@vsports_pt) <a href=\"https:\/\/twitter.com\/vsports_pt\/status\/1926724371369861352?ref_src=twsrc%5Etfw\">May 25, 2025<\/a><\/blockquote>\r\n<script async src=\"https:\/\/platform.twitter.com\/widgets.js\" charset=\"utf-8\"><\/script>\r\n\r\n&nbsp;\r\n<blockquote class=\"twitter-tweet\">\r\n<p dir=\"ltr\" lang=\"pt\">Ta\u00e7a de Portugal\r\n&#x26bd; Semifinals &#8211; 2 legs<\/p>\r\nApril 3\r\n1: Sporting CP 2-0 Rio Ave\r\nApril 22\r\n2: Rio Ave 1-2 Sporting CP**\r\nAgg. 1-4\r\n\r\nApril 9\r\nTirsense 0-5 Benfica\r\nTonight\r\n2: **Benfica 4-0 Tirsense\r\nAgg. 9-0\r\n\r\nMay 25\r\nBenfica x Sporting CP\r\n\r\n\u2014 PortugueseSoccer.com &#x26bd;&#xfe0f; (@PsoccerCOM) <a href=\"https:\/\/twitter.com\/PsoccerCOM\/status\/1915151834886324302?ref_src=twsrc%5Etfw\">April 23, 2025<\/a><\/blockquote>\r\n<script async src=\"https:\/\/platform.twitter.com\/widgets.js\" charset=\"utf-8\"><\/script>\r\n\r\n&nbsp;\r\n<pre><strong><u>All-Time Titles<\/u><\/strong>\r\n<strong>Benfica 26<\/strong>\r\n<strong>FC Porto 20<\/strong>\r\n<strong>Sporting CP 18<\/strong>\r\n<strong>Boavista 5<\/strong>\r\n<strong>SC Braga 3<\/strong>\r\n<strong>Belenenses 3<\/strong>\r\n<strong>Vitoria Setubal 3 <\/strong>\r\n<strong>Academica 2<\/strong>\r\n<strong>Aves 1 <\/strong>\r\n<strong>Beira-Mar 1 <\/strong>\r\n<strong>Estrela Amadora 1 <\/strong>\r\n<strong>Leixoes 1 <\/strong>\r\n<strong>Vitoria Guimaraes 1<\/strong><\/pre>\r\n&nbsp;\r\n\r\n&nbsp;\r\n\r\n<!-- \/wp:post-content -->","protected":false},"excerpt":{"rendered":"<p>&#x1f1f5;&#x1f1f9;&#x1f3c6;Ta\u00e7a de Portugal Semifinals (2 legs) 2nd leg, April 22 Fafe (III) 1-1 Torreense (II) 1st Leg, March 3 Sporting CP x FC Porto \u2014&#8230;<\/p>\n","protected":false},"author":1,"featured_media":133,"parent":0,"menu_order":0,"comment_status":"closed","ping_status":"closed","template":"template-s1-c-s2-page.php","meta":{"footnotes":""},"class_list":["post-28","page","type-page","status-publish","has-post-thumbnail","hentry"],"jetpack_sharing_enabled":true,"jetpack_shortlink":"https:\/\/wp.me\/Pdnh7s-s","jetpack-related-posts":[{"id":30,"url":"https:\/\/www.soccernoticias.com\/blog\/taca-da-liga\/","url_meta":{"origin":28,"position":0},"title":"League Cup","author":"Administrator","date":"March 2, 2019","format":false,"excerpt":"\ud83c\udfc6Ta\u00e7a da Liga \u26bd Final 4 (Leiria) \ud83d\udccc Tuesday Sporting CP 1-2 Vit\u00f3ria SC \ud83d\udccc Wednesday Benfica 1-3 SC Braga \ud83d\udccc Saturday\ud83c\udfc6 Vitoria SC 2-1 SC Braga All-Time \ud83c\udfc6 Benfica 8 Sporting CP 4 SC Braga 3 FC Porto 1 Moreirense 1 Vit\u00f3ria SC 1 Vit\u00f3ria de Set\u00fabal 1 \u2014\u2026","rel":"","context":"Similar post","block_context":{"text":"Similar post","link":""},"img":{"alt_text":"","src":"","width":0,"height":0},"classes":[]},{"id":11,"url":"https:\/\/www.soccernoticias.com\/blog\/2liga\/","url_meta":{"origin":28,"position":1},"title":"2Liga","author":"Administrator","date":"February 27, 2019","format":false,"excerpt":"XXXXX FULL SCHEDULE FIRST DIVISION FULL SCHEDULE SECOND DIVISION PRELIMINARY ROUND SCHEDULE - LEAGUE CUP First and Second Rounds \u00a0 \u00a0 \u26bd 33 \ud83d\udcccFriday Mar\u00edtimo 1-0 Vizela \ud83d\udcccSaturday Arouca 1-0 Chaves Santa Clara 1-0 Portimonense Boavista 1-1 SC Braga Famalic\u00e3o 2-4 FC Porto \ud83d\udcccSunday Vit\u00f3ria SC 1-0 Gil Vicente Casa\u2026","rel":"","context":"Similar post","block_context":{"text":"Similar post","link":""},"img":{"alt_text":"","src":"","width":0,"height":0},"classes":[]},{"id":17,"url":"https:\/\/www.soccernoticias.com\/blog\/selecao\/","url_meta":{"origin":28,"position":2},"title":"Sele\u00e7\u00e3o","author":"Administrator","date":"October 6, 2019","format":false,"excerpt":"\ud83d\udea8 Latest FIFA rankings 1\ufe0f\u20e3 France \ud83c\uddeb\ud83c\uddf7 (+2) 2\ufe0f\u20e3 Spain \ud83c\uddea\ud83c\uddf8 (-1) 3\ufe0f\u20e3 Argentina \ud83c\udde6\ud83c\uddf7 (-1) 4\ufe0f\u20e3 England \ud83c\udff4\udb40\udc67\udb40\udc62\udb40\udc65\udb40\udc6e\udb40\udc67\udb40\udc7f 5\ufe0f\u20e3 Portugal \ud83c\uddf5\ud83c\uddf9 (+1) 6\ufe0f\u20e3 Brazil \ud83c\udde7\ud83c\uddf7 (-1) 7\ufe0f\u20e3 Netherlands \ud83c\uddf3\ud83c\uddf1 8\ufe0f\u20e3 Morocco \ud83c\uddf2\ud83c\udde6 9\ufe0f\u20e3 Belgium \ud83c\udde7\ud83c\uddea \ud83d\udd1f Germany \ud83c\udde9\ud83c\uddea \u2014 PortugueseSoccer.com \u26bd\ufe0f (@PsoccerCOM) April 1, 2026 ************************** UPDATED SQUAD USA\/MEXICO\u2026","rel":"","context":"Similar post","block_context":{"text":"Similar post","link":""},"img":{"alt_text":"","src":"","width":0,"height":0},"classes":[]},{"id":15,"url":"https:\/\/www.soccernoticias.com\/blog\/podcast\/","url_meta":{"origin":28,"position":3},"title":"Podcast","author":"Administrator","date":"February 27, 2019","format":false,"excerpt":"For a better listening experience, please subscribe to one of the free podcast platforms below. E-mail issues to Psoccercom@gmail.com. A Podcast talking about the latest news and happenings in the Liga BWIN, 2Liga, Sele\u00e7\u00e3o and Portuguese Abroad Available at.... iTunes SPOTIFY AMAZON MUSIC & AUDIBLE iHEART RADIO TUNEIN PODCAST ADDICT\u2026","rel":"","context":"Similar post","block_context":{"text":"Similar post","link":""},"img":{"alt_text":"","src":"","width":0,"height":0},"classes":[]},{"id":9,"url":"https:\/\/www.soccernoticias.com\/blog\/liga-nos\/","url_meta":{"origin":28,"position":4},"title":"Liga Betclic","author":"Administrator","date":"October 19, 2019","format":false,"excerpt":"LINK: 2025-26 FULL PRIMEIRA LIGA FIXTURE SCHEDULE All-Time Titles Benfica 38 FC Porto 30 Sporting CP 21 Belenenses 1 Boavista 1 2024-25 Sporting CP 2023-24 Sporting CP 2022-23 Benfica 2021-22 FC Porto 2020-21 Sporting CP 2019-20 FC Porto 2018-19 Benfica 2017-18 FC Porto 2016-17 Benfica 2015-16 Benfica 2014-15 Benfica 2013-14\u2026","rel":"","context":"Similar post","block_context":{"text":"Similar post","link":""},"img":{"alt_text":"","src":"","width":0,"height":0},"classes":[]},{"id":19,"url":"https:\/\/www.soccernoticias.com\/blog\/contact\/","url_meta":{"origin":28,"position":5},"title":"Contact","author":"Administrator","date":"February 27, 2019","format":false,"excerpt":"E-Mail: PSoccercom@gmail.com Twitter\/X: @PSoccerCom FaceBook: www.Facebook.com\/PsoccerCom Instagram and Threads: Portuguese_Soccer_Noticias YouTube Channel: https:\/\/www.youtube.com\/@portuguesesoccercom Website: PortugueseSoccer.com or Psoccer.com \u00a0 \u00a0 \u00a0","rel":"","context":"Similar post","block_context":{"text":"Similar post","link":""},"img":{"alt_text":"","src":"","width":0,"height":0},"classes":[]}],"_links":{"self":[{"href":"https:\/\/www.soccernoticias.com\/blog\/wp-json\/wp\/v2\/pages\/28","targetHints":{"allow":["GET"]}}],"collection":[{"href":"https:\/\/www.soccernoticias.com\/blog\/wp-json\/wp\/v2\/pages"}],"about":[{"href":"https:\/\/www.soccernoticias.com\/blog\/wp-json\/wp\/v2\/types\/page"}],"author":[{"embeddable":true,"href":"https:\/\/www.soccernoticias.com\/blog\/wp-json\/wp\/v2\/users\/1"}],"replies":[{"embeddable":true,"href":"https:\/\/www.soccernoticias.com\/blog\/wp-json\/wp\/v2\/comments?post=28"}],"version-history":[{"count":174,"href":"https:\/\/www.soccernoticias.com\/blog\/wp-json\/wp\/v2\/pages\/28\/revisions"}],"predecessor-version":[{"id":11569,"href":"https:\/\/www.soccernoticias.com\/blog\/wp-json\/wp\/v2\/pages\/28\/revisions\/11569"}],"wp:featuredmedia":[{"embeddable":true,"href":"https:\/\/www.soccernoticias.com\/blog\/wp-json\/wp\/v2\/media\/133"}],"wp:attachment":[{"href":"https:\/\/www.soccernoticias.com\/blog\/wp-json\/wp\/v2\/media?parent=28"}],"curies":[{"name":"wp","href":"https:\/\/api.w.org\/{rel}","templated":true}]}}