{"id":9,"date":"2019-10-19T16:19:20","date_gmt":"2019-10-19T20:19:20","guid":{"rendered":"http:\/\/soccernoticias.com\/blog\/?page_id=9"},"modified":"2025-07-28T00:30:20","modified_gmt":"2025-07-28T04:30:20","slug":"liga-nos","status":"publish","type":"page","link":"https:\/\/www.soccernoticias.com\/blog\/liga-nos\/","title":{"rendered":"Liga Betclic"},"content":{"rendered":"<p><a href=\"https:\/\/ligaportugalstorage.blob.core.windows.net\/backoffice\/assets\/Calendario_Liga_Portugal_Bet_Clic_2025_26_e602ede291.pdf\">LINK: 2025-26 FULL PRIMEIRA LIGA FIXTURE SCHEDULE<\/a><\/p>\n<p><strong>All-Time Titles<\/strong><br \/>\nBenfica 38<br \/>\nFC Porto 30<br \/>\nSporting CP 21<br \/>\nBelenenses 1<br \/>\nBoavista 1<\/p>\n<table class=\"list\" style=\"height: 37px;\" width=\"187\">\n<tbody>\n<tr>\n<th>2024-25<\/th>\n<th>Sporting CP<\/th>\n<\/tr>\n<\/tbody>\n<\/table>\n<table class=\"list\" style=\"height: 37px;\" width=\"187\">\n<tbody>\n<tr>\n<th>2023-24<\/th>\n<th>Sporting CP<\/th>\n<\/tr>\n<\/tbody>\n<\/table>\n<table class=\"list\">\n<tbody>\n<tr>\n<th style=\"text-align: left;\">2022-23<\/th>\n<th style=\"text-align: left;\">Benfica<\/th>\n<\/tr>\n<tr>\n<td><strong>2021-22<\/strong><\/td>\n<td><strong>FC Porto<\/strong><\/td>\n<\/tr>\n<tr>\n<td><strong>2020-21<\/strong><\/td>\n<td><strong>Sporting CP<\/strong><\/td>\n<\/tr>\n<tr>\n<td><strong>2019-20<\/strong><\/td>\n<td><strong>FC Porto<\/strong><\/td>\n<\/tr>\n<tr>\n<td><strong>2018-19<\/strong><\/td>\n<td><strong>Benfica<\/strong><\/td>\n<\/tr>\n<tr>\n<td><strong>2017-18<\/strong><\/td>\n<td><strong>FC Porto<\/strong><\/td>\n<\/tr>\n<tr>\n<td><strong>2016-17<\/strong><\/td>\n<td><strong>Benfica<\/strong><\/td>\n<\/tr>\n<tr>\n<td><strong>2015-16<\/strong><\/td>\n<td><strong>Benfica<\/strong><\/td>\n<\/tr>\n<tr>\n<td><strong>2014-15<\/strong><\/td>\n<td><strong>Benfica<\/strong><\/td>\n<\/tr>\n<tr>\n<td><strong>2013-14<\/strong><\/td>\n<td><strong>Benfica<\/strong><\/td>\n<\/tr>\n<tr>\n<td><strong>2012-13<\/strong><\/td>\n<td><strong>FC Porto<\/strong><\/td>\n<\/tr>\n<tr>\n<td><strong>2011-12<\/strong><\/td>\n<td><strong>FC Porto<\/strong><\/td>\n<\/tr>\n<tr>\n<td><strong>2010-11<\/strong><\/td>\n<td><strong>FC Porto<\/strong><\/td>\n<\/tr>\n<tr>\n<td><strong>2009-10<\/strong><\/td>\n<td><strong>Benfica<\/strong><\/td>\n<\/tr>\n<tr>\n<td><strong>2008-9<\/strong><\/td>\n<td><strong>FC Porto<\/strong><\/td>\n<\/tr>\n<tr>\n<td><strong>2007-8<\/strong><\/td>\n<td><strong>FC Porto<\/strong><\/td>\n<\/tr>\n<tr>\n<td><strong>2006-7<\/strong><\/td>\n<td><strong>FC Porto<\/strong><\/td>\n<\/tr>\n<tr>\n<td><strong>2005-06<\/strong><\/td>\n<td><strong>FC Porto<\/strong><\/td>\n<\/tr>\n<tr>\n<td><strong>2004-05<\/strong><\/td>\n<td><strong>Benfica<\/strong><\/td>\n<\/tr>\n<tr>\n<td><strong>2003-04<\/strong><\/td>\n<td><strong>FC Porto<\/strong><\/td>\n<\/tr>\n<tr>\n<td><strong>2002-03<\/strong><\/td>\n<td><strong>FC Porto<\/strong><\/td>\n<\/tr>\n<tr>\n<td><strong>2001-02<\/strong><\/td>\n<td><strong>Sporting CP<\/strong><\/td>\n<\/tr>\n<tr>\n<td><strong>2000-01<\/strong><\/td>\n<td><strong>Boavista<\/strong><\/td>\n<\/tr>\n<tr>\n<td><strong>1999-00<\/strong><\/td>\n<td><strong>Sporting CP<\/strong><\/td>\n<\/tr>\n<tr>\n<td><strong>1998-99<\/strong><\/td>\n<td><strong>FC Porto<\/strong><\/td>\n<\/tr>\n<tr>\n<td><strong>1997-98<\/strong><\/td>\n<td><strong>FC Porto<\/strong><\/td>\n<\/tr>\n<tr>\n<td><strong>1996-97<\/strong><\/td>\n<td><strong>FC Porto<\/strong><\/td>\n<\/tr>\n<tr>\n<td><strong>1995-96<\/strong><\/td>\n<td><strong>FC Porto<\/strong><\/td>\n<\/tr>\n<tr>\n<td><strong>1994-95<\/strong><\/td>\n<td><strong>FC Porto<\/strong><\/td>\n<\/tr>\n<tr>\n<td><strong>1993-94<\/strong><\/td>\n<td><strong>Benfica<\/strong><\/td>\n<\/tr>\n<tr>\n<td><strong>1992-93<\/strong><\/td>\n<td><strong>FC Porto<\/strong><\/td>\n<\/tr>\n<tr>\n<td><strong>1991-92<\/strong><\/td>\n<td><strong>FC Porto<\/strong><\/td>\n<\/tr>\n<tr>\n<td><strong>1990-91<\/strong><\/td>\n<td><strong>Benfica<\/strong><\/td>\n<\/tr>\n<tr>\n<td><strong>1989-90<\/strong><\/td>\n<td><strong>FC Porto<\/strong><\/td>\n<\/tr>\n<tr>\n<td><strong>1988-89<\/strong><\/td>\n<td><strong>Benfica<\/strong><\/td>\n<\/tr>\n<tr>\n<td><strong>1987-88<\/strong><\/td>\n<td><strong>FC Porto<\/strong><\/td>\n<\/tr>\n<tr>\n<td><strong>1986-87<\/strong><\/td>\n<td><strong>Benfica<\/strong><\/td>\n<\/tr>\n<tr>\n<td><strong>1985-86<\/strong><\/td>\n<td><strong>FC Porto<\/strong><\/td>\n<\/tr>\n<tr>\n<td><strong>1984-85<\/strong><\/td>\n<td><strong>FC Porto<\/strong><\/td>\n<\/tr>\n<tr>\n<td><strong>1983-84<\/strong><\/td>\n<td><strong>Benfica<\/strong><\/td>\n<\/tr>\n<tr>\n<td><strong>1982-83<\/strong><\/td>\n<td><strong>Benfica<\/strong><\/td>\n<\/tr>\n<tr>\n<td><strong>1981-82<\/strong><\/td>\n<td><strong>Sporting CP<\/strong><\/td>\n<\/tr>\n<tr>\n<td><strong>1980-81<\/strong><\/td>\n<td><strong>Benfica<\/strong><\/td>\n<\/tr>\n<tr>\n<td><strong>1979-80<\/strong><\/td>\n<td><strong>Sporting CP<\/strong><\/td>\n<\/tr>\n<tr>\n<td><strong>1978-79<\/strong><\/td>\n<td><strong>FC Porto<\/strong><\/td>\n<\/tr>\n<tr>\n<td><strong>1977-78<\/strong><\/td>\n<td><strong>FC Porto<\/strong><\/td>\n<\/tr>\n<tr>\n<td><strong>1976-77<\/strong><\/td>\n<td><strong>Benfica<\/strong><\/td>\n<\/tr>\n<tr>\n<td><strong>1975-76<\/strong><\/td>\n<td><strong>Benfica<\/strong><\/td>\n<\/tr>\n<tr>\n<td><strong>1974-75<\/strong><\/td>\n<td><strong>Benfica<\/strong><\/td>\n<\/tr>\n<tr>\n<td><strong>1973-74<\/strong><\/td>\n<td><strong>Sporting CP<\/strong><\/td>\n<\/tr>\n<tr>\n<td><strong>1972-73<\/strong><\/td>\n<td><strong>Benfica<\/strong><\/td>\n<\/tr>\n<tr>\n<td><strong>1971-72<\/strong><\/td>\n<td><strong>Benfica<\/strong><\/td>\n<\/tr>\n<tr>\n<td><strong>1970-71<\/strong><\/td>\n<td><strong>Benfica<\/strong><\/td>\n<\/tr>\n<tr>\n<td><strong>1969-70<\/strong><\/td>\n<td><strong>Sporting CP<\/strong><\/td>\n<\/tr>\n<tr>\n<td><strong>1968-69<\/strong><\/td>\n<td><strong>Benfica<\/strong><\/td>\n<\/tr>\n<tr>\n<td><strong>1967-68<\/strong><\/td>\n<td><strong>Benfica<\/strong><\/td>\n<\/tr>\n<tr>\n<td><strong>1966-67<\/strong><\/td>\n<td><strong>Benfica<\/strong><\/td>\n<\/tr>\n<tr>\n<td><strong>1965-66<\/strong><\/td>\n<td><strong>Sporting CP<\/strong><\/td>\n<\/tr>\n<tr>\n<td><strong>1964-65<\/strong><\/td>\n<td><strong>Benfica<\/strong><\/td>\n<\/tr>\n<tr>\n<td><strong>1963-64<\/strong><\/td>\n<td><strong>Benfica<\/strong><\/td>\n<\/tr>\n<tr>\n<td><strong>1962-63<\/strong><\/td>\n<td><strong>Benfica<\/strong><\/td>\n<\/tr>\n<tr>\n<td><strong>1961-62<\/strong><\/td>\n<td><strong>Sporting CP<\/strong><\/td>\n<\/tr>\n<tr>\n<td><strong>1960-61<\/strong><\/td>\n<td><strong>Benfica<\/strong><\/td>\n<\/tr>\n<tr>\n<td><strong>1959-60<\/strong><\/td>\n<td><strong>Benfica<\/strong><\/td>\n<\/tr>\n<tr>\n<td><strong>1958-59<\/strong><\/td>\n<td><strong>FC Porto<\/strong><\/td>\n<\/tr>\n<tr>\n<td><strong>1957-58<\/strong><\/td>\n<td><strong>Sporting CP<\/strong><\/td>\n<\/tr>\n<tr>\n<td><strong>1956-57<\/strong><\/td>\n<td><strong>Benfica<\/strong><\/td>\n<\/tr>\n<tr>\n<td><strong>1955-56<\/strong><\/td>\n<td><strong>FC Porto<\/strong><\/td>\n<\/tr>\n<tr>\n<td><strong>1954-55<\/strong><\/td>\n<td><strong>Benfica<\/strong><\/td>\n<\/tr>\n<tr>\n<td><strong>1953-54<\/strong><\/td>\n<td><strong>Sporting CP<\/strong><\/td>\n<\/tr>\n<tr>\n<td><strong>1952-53<\/strong><\/td>\n<td><strong>\u00a0Sporting CP<\/strong><\/td>\n<\/tr>\n<tr>\n<td><strong>1951-52<\/strong><\/td>\n<td><strong>Sporting CP<\/strong><\/td>\n<\/tr>\n<tr>\n<td><strong>1950-51<\/strong><\/td>\n<td><strong>Sporting CP<\/strong><\/td>\n<\/tr>\n<tr>\n<td><strong>1949-50<\/strong><\/td>\n<td><strong>Benfica<\/strong><\/td>\n<\/tr>\n<tr>\n<td><strong>1948-49<\/strong><\/td>\n<td><strong>Sporting CP<\/strong><\/td>\n<\/tr>\n<tr>\n<td><strong>1947-48<\/strong><\/td>\n<td><strong>Sporting CP<\/strong><\/td>\n<\/tr>\n<tr>\n<td><strong>1946-47<\/strong><\/td>\n<td><strong>Sporting CP<\/strong><\/td>\n<\/tr>\n<tr>\n<td><strong>1945-46<\/strong><\/td>\n<td><strong>Belenenses<\/strong><\/td>\n<\/tr>\n<tr>\n<td><strong>1944-45<\/strong><\/td>\n<td><strong>Benfica<\/strong><\/td>\n<\/tr>\n<tr>\n<td><strong>1943-44<\/strong><\/td>\n<td><strong>Sporting CP<\/strong><\/td>\n<\/tr>\n<tr>\n<td><strong>1942-43<\/strong><\/td>\n<td><strong>Benfica<\/strong><\/td>\n<\/tr>\n<tr>\n<td><strong>1941-42<\/strong><\/td>\n<td><strong>Benfica<\/strong><\/td>\n<\/tr>\n<tr>\n<td><strong>1940-41<\/strong><\/td>\n<td><strong>Sporting CP<\/strong><\/td>\n<\/tr>\n<tr>\n<td><strong>1939-40<\/strong><\/td>\n<td><strong>FC Porto<\/strong><\/td>\n<\/tr>\n<tr>\n<td><strong>1938-39<\/strong><\/td>\n<td><strong>FC Porto<\/strong><\/td>\n<\/tr>\n<tr>\n<td><strong>1937-38<\/strong><\/td>\n<td><strong>Benfica<\/strong><\/td>\n<\/tr>\n<tr>\n<td><strong>1936-37<\/strong><\/td>\n<td><strong>Benfica<\/strong><\/td>\n<\/tr>\n<tr>\n<td><strong>1935-36<\/strong><\/td>\n<td><strong>Benfica<\/strong><\/td>\n<\/tr>\n<tr>\n<td><strong>1934-35<\/strong><\/td>\n<td><strong>FC Porto<\/strong><\/td>\n<\/tr>\n<\/tbody>\n<\/table>\n<p>&nbsp;<\/p>\n<p>&nbsp;<\/p>\n","protected":false},"excerpt":{"rendered":"<p>LINK: 2025-26 FULL PRIMEIRA LIGA FIXTURE SCHEDULE All-Time Titles Benfica 38 FC Porto 30 Sporting CP 21 Belenenses 1 Boavista 1 2024-25 Sporting CP 2023-24&#8230;<\/p>\n","protected":false},"author":1,"featured_media":0,"parent":0,"menu_order":0,"comment_status":"closed","ping_status":"closed","template":"template-s1-c-s2-page.php","meta":{"footnotes":""},"class_list":["post-9","page","type-page","status-publish","hentry"],"jetpack_sharing_enabled":true,"jetpack_shortlink":"https:\/\/wp.me\/Pdnh7s-9","jetpack-related-posts":[{"id":30,"url":"https:\/\/www.soccernoticias.com\/blog\/taca-da-liga\/","url_meta":{"origin":9,"position":0},"title":"League Cup","author":"Administrator","date":"March 2, 2019","format":false,"excerpt":"\ud83c\udfc6Ta\u00e7a da Liga \u26bd Final 4 (Leiria) \ud83d\udccc Tuesday Sporting CP 1-2 Vit\u00f3ria SC \ud83d\udccc Wednesday Benfica 1-3 SC Braga \ud83d\udccc Saturday\ud83c\udfc6 Vitoria SC 2-1 SC Braga All-Time \ud83c\udfc6 Benfica 8 Sporting CP 4 SC Braga 3 FC Porto 1 Moreirense 1 Vit\u00f3ria SC 1 Vit\u00f3ria de Set\u00fabal 1 \u2014\u2026","rel":"","context":"Similar post","block_context":{"text":"Similar post","link":""},"img":{"alt_text":"","src":"","width":0,"height":0},"classes":[]},{"id":15,"url":"https:\/\/www.soccernoticias.com\/blog\/podcast\/","url_meta":{"origin":9,"position":1},"title":"Podcast","author":"Administrator","date":"February 27, 2019","format":false,"excerpt":"For a better listening experience, please subscribe to one of the free podcast platforms below. E-mail issues to Psoccercom@gmail.com. A Podcast talking about the latest news and happenings in the Liga BWIN, 2Liga, Sele\u00e7\u00e3o and Portuguese Abroad Available at.... iTunes SPOTIFY AMAZON MUSIC & AUDIBLE iHEART RADIO TUNEIN PODCAST ADDICT\u2026","rel":"","context":"Similar post","block_context":{"text":"Similar post","link":""},"img":{"alt_text":"","src":"","width":0,"height":0},"classes":[]},{"id":28,"url":"https:\/\/www.soccernoticias.com\/blog\/taca-de-portugal\/","url_meta":{"origin":9,"position":2},"title":"Ta\u00e7a de Portugal","author":"Administrator","date":"March 2, 2019","format":false,"excerpt":"\ud83c\uddf5\ud83c\uddf9\ud83c\udfc6Ta\u00e7a de Portugal Semifinals (2 legs) 2nd leg, April 22 Fafe (III) 1-1 Torreense (II) 1st Leg, March 3 Sporting CP x FC Porto \u2014 PortugueseSoccer.com \u26bd\ufe0f (@PsoccerCOM) February 7, 2026 \ud83c\udfc6\ud83c\uddf5\ud83c\uddf9 Quarterfinals \ud83d\udcccSunday Torreense (II) 3-1 UD Leiria (II) \ud83d\udcccTonight Fafe (III) 2-1 SC Braga FC Porto 1-0 Benfica\u2026","rel":"","context":"Similar post","block_context":{"text":"Similar post","link":""},"img":{"alt_text":"","src":"https:\/\/i0.wp.com\/www.soccernoticias.com\/blog\/wp-content\/uploads\/2019\/03\/Logo-Taca-Portugal-PLACARD-e1553361201779.jpg?fit=700%2C434&ssl=1&resize=350%2C200","width":350,"height":200,"srcset":"https:\/\/i0.wp.com\/www.soccernoticias.com\/blog\/wp-content\/uploads\/2019\/03\/Logo-Taca-Portugal-PLACARD-e1553361201779.jpg?fit=700%2C434&ssl=1&resize=350%2C200 1x, https:\/\/i0.wp.com\/www.soccernoticias.com\/blog\/wp-content\/uploads\/2019\/03\/Logo-Taca-Portugal-PLACARD-e1553361201779.jpg?fit=700%2C434&ssl=1&resize=525%2C300 1.5x, https:\/\/i0.wp.com\/www.soccernoticias.com\/blog\/wp-content\/uploads\/2019\/03\/Logo-Taca-Portugal-PLACARD-e1553361201779.jpg?fit=700%2C434&ssl=1&resize=700%2C400 2x"},"classes":[]},{"id":11,"url":"https:\/\/www.soccernoticias.com\/blog\/2liga\/","url_meta":{"origin":9,"position":3},"title":"2Liga","author":"Administrator","date":"February 27, 2019","format":false,"excerpt":"XXXXX FULL SCHEDULE FIRST DIVISION FULL SCHEDULE SECOND DIVISION PRELIMINARY ROUND SCHEDULE - LEAGUE CUP First and Second Rounds \u00a0 \u00a0 \u26bd 33 \ud83d\udcccFriday Mar\u00edtimo 1-0 Vizela \ud83d\udcccSaturday Arouca 1-0 Chaves Santa Clara 1-0 Portimonense Boavista 1-1 SC Braga Famalic\u00e3o 2-4 FC Porto \ud83d\udcccSunday Vit\u00f3ria SC 1-0 Gil Vicente Casa\u2026","rel":"","context":"Similar post","block_context":{"text":"Similar post","link":""},"img":{"alt_text":"","src":"","width":0,"height":0},"classes":[]},{"id":39,"url":"https:\/\/www.soccernoticias.com\/blog\/links\/","url_meta":{"origin":9,"position":4},"title":"Links","author":"Administrator","date":"March 2, 2019","format":false,"excerpt":"Is your favorite link missing? Let us know. Psoccercom@gmail.com. A Bola Maisfutebol O Jogo Record ZeroZero Radio Renascenca - Bola Branca RTP - Desporto SAPO News RTP CNN Portugal **** FPF - Selecao LIGA FIFA UEFA UEFA Coefficients\u00a0 PORTUGAL TIME \u00a0 \u00a0 \u00a0","rel":"","context":"Similar post","block_context":{"text":"Similar post","link":""},"img":{"alt_text":"","src":"","width":0,"height":0},"classes":[]}],"_links":{"self":[{"href":"https:\/\/www.soccernoticias.com\/blog\/wp-json\/wp\/v2\/pages\/9","targetHints":{"allow":["GET"]}}],"collection":[{"href":"https:\/\/www.soccernoticias.com\/blog\/wp-json\/wp\/v2\/pages"}],"about":[{"href":"https:\/\/www.soccernoticias.com\/blog\/wp-json\/wp\/v2\/types\/page"}],"author":[{"embeddable":true,"href":"https:\/\/www.soccernoticias.com\/blog\/wp-json\/wp\/v2\/users\/1"}],"replies":[{"embeddable":true,"href":"https:\/\/www.soccernoticias.com\/blog\/wp-json\/wp\/v2\/comments?post=9"}],"version-history":[{"count":553,"href":"https:\/\/www.soccernoticias.com\/blog\/wp-json\/wp\/v2\/pages\/9\/revisions"}],"predecessor-version":[{"id":11136,"href":"https:\/\/www.soccernoticias.com\/blog\/wp-json\/wp\/v2\/pages\/9\/revisions\/11136"}],"wp:attachment":[{"href":"https:\/\/www.soccernoticias.com\/blog\/wp-json\/wp\/v2\/media?parent=9"}],"curies":[{"name":"wp","href":"https:\/\/api.w.org\/{rel}","templated":true}]}}